{"id":20,"date":"2015-10-04T14:28:01","date_gmt":"2015-10-04T14:28:01","guid":{"rendered":"http:\/\/photobooth.reithmeyer.de\/?page_id=20"},"modified":"2022-07-11T21:16:37","modified_gmt":"2022-07-11T19:16:37","slug":"photobooth","status":"publish","type":"page","link":"https:\/\/reithmeyer.de\/?page_id=20","title":{"rendered":"Photobooth"},"content":{"rendered":"<p>&nbsp;<\/p>\n<p><b>\u2026 was ist das ?<\/b><\/p>\n<p>Photobooth ist die absolute Bereicherung f\u00fcr Ihr Event. Ob auf Hochzeiten, Firmenfeiern, Messen oder anderen Events \u2013 Ihre G\u00e4ste sind garantiert begeistert.<\/p>\n<p>Bestehend aus Kamera, PC und Thermodrucksystem erlaubt Photobooth den G\u00e4sten, sich selbst zu fotografieren. Es werden 3 Aufnahmen gemacht ,automatisch eine Collage mit vordefiniertem Layout (z.B. mit Ihrem Firmenlogo)erzeugt und anschlie\u00dfend gedruckt. Zus\u00e4tzlich sorgen witzige Accessoires f\u00fcr ausgelassene Stimmung und kreative Fotoideen.<\/p>\n<p>Sie werden sehen wie schnell Ihre G\u00e4ste von der Kamera angelockt werden und welchen Spa\u00df sie dabei haben.<\/p>\n<p><b>Wie kann ich die entstanden Fotos nach der Feier meinen G\u00e4sten zur Verf\u00fcgung stellen?<\/b><\/p>\n<p class=\"\">Photobooth speichert alle Einzelfotos sowie die Prints. Sie erhalten ca. 3 Tage nach Ihrem Event einen Link zu einer Webgalerie sowie einen Link zum Download aller Bilder.<\/p>\n<p class=\"\">&nbsp;<\/p>\n<p class=\"\">&nbsp; <a href=\"http:\/\/photobooth.reithmeyer.de\/wp-content\/uploads\/2015\/10\/Bildschirmfoto-2015-10-04-um-18.27.05.png\"><img loading=\"lazy\" decoding=\"async\" class=\"alignnone wp-image-60\" src=\"http:\/\/photobooth.reithmeyer.de\/wp-content\/uploads\/2015\/10\/Bildschirmfoto-2015-10-04-um-18.27.05.png\" alt=\"\" width=\"523\" height=\"588\" srcset=\"https:\/\/reithmeyer.de\/wp-content\/uploads\/2015\/10\/Bildschirmfoto-2015-10-04-um-18.27.05.png 712w, https:\/\/reithmeyer.de\/wp-content\/uploads\/2015\/10\/Bildschirmfoto-2015-10-04-um-18.27.05-267x300.png 267w\" sizes=\"auto, (max-width: 523px) 100vw, 523px\" \/><\/a><\/p>\n","protected":false},"excerpt":{"rendered":"<p>&nbsp; \u2026 was ist das ? Photobooth ist die absolute Bereicherung f\u00fcr Ihr Event. Ob auf Hochzeiten, Firmenfeiern, Messen oder anderen Events \u2013 Ihre G\u00e4ste sind garantiert begeistert. Bestehend aus Kamera, PC und Thermodrucksystem erlaubt Photobooth den G\u00e4sten, sich selbst zu fotografieren. Es werden 3 Aufnahmen gemacht ,automatisch eine Collage mit vordefiniertem Layout (z.B. mit [&hellip;]<\/p>\n","protected":false},"author":1,"featured_media":0,"parent":0,"menu_order":0,"comment_status":"closed","ping_status":"closed","template":"","meta":{"ngg_post_thumbnail":0,"footnotes":""},"class_list":["post-20","page","type-page","status-publish","hentry"],"_links":{"self":[{"href":"https:\/\/reithmeyer.de\/index.php?rest_route=\/wp\/v2\/pages\/20","targetHints":{"allow":["GET"]}}],"collection":[{"href":"https:\/\/reithmeyer.de\/index.php?rest_route=\/wp\/v2\/pages"}],"about":[{"href":"https:\/\/reithmeyer.de\/index.php?rest_route=\/wp\/v2\/types\/page"}],"author":[{"embeddable":true,"href":"https:\/\/reithmeyer.de\/index.php?rest_route=\/wp\/v2\/users\/1"}],"replies":[{"embeddable":true,"href":"https:\/\/reithmeyer.de\/index.php?rest_route=%2Fwp%2Fv2%2Fcomments&post=20"}],"version-history":[{"count":6,"href":"https:\/\/reithmeyer.de\/index.php?rest_route=\/wp\/v2\/pages\/20\/revisions"}],"predecessor-version":[{"id":736,"href":"https:\/\/reithmeyer.de\/index.php?rest_route=\/wp\/v2\/pages\/20\/revisions\/736"}],"wp:attachment":[{"href":"https:\/\/reithmeyer.de\/index.php?rest_route=%2Fwp%2Fv2%2Fmedia&parent=20"}],"curies":[{"name":"wp","href":"https:\/\/api.w.org\/{rel}","templated":true}]}}